{"id":2230,"date":"2020-02-09T13:44:19","date_gmt":"2020-02-09T12:44:19","guid":{"rendered":"https:\/\/feuerwehr-neunburg.de\/web\/?page_id=2230"},"modified":"2020-02-12T17:22:41","modified_gmt":"2020-02-12T16:22:41","slug":"absturzsicherung","status":"publish","type":"page","link":"https:\/\/feuerwehr-neunburg.de\/web\/absturzsicherung\/","title":{"rendered":"Absturzsicherung"},"content":{"rendered":"\n<h1 class=\"has-text-align-center wp-block-heading\">Absturzsicherung<\/h1>\n\n\n\n<p class=\"has-text-align-center\">Die Neunburger Wehr verf\u00fcgt \u00fcber eine Gruppe Absturzsicherung. F\u00fcr die Ausbildung stehen zwei &#8222;Ausbilder f\u00fcr Absturzsicherung&#8220; in der eigenen Wehr zur Verf\u00fcgung. Ziel dieser Gruppe ist es verunfallte in Not befindende Personen zu helfen wo man mit Gro\u00dffahrzeugen nicht hin kommt. Derzeit sind 18 Personen bei der Gruppe Absturzsicherung aktiv.<\/p>\n\n\n\n<hr class=\"wp-block-separator has-text-color has-background has-cyan-bluish-gray-background-color has-cyan-bluish-gray-color\"\/>\n\n\n\n<blockquote class=\"wp-block-quote is-style-default is-layout-flow wp-block-quote-is-layout-flow\"><p>&#8222;Absturzsicherung kurz erkl\u00e4rt&#8220;<\/p><\/blockquote>\n\n\n\n<div style=\"height:30px\" aria-hidden=\"true\" class=\"wp-block-spacer\"><\/div>\n\n\n\n<div class=\"wp-block-columns is-layout-flex wp-container-core-columns-is-layout-9d6595d7 wp-block-columns-is-layout-flex\">\n<div class=\"wp-block-column is-layout-flow wp-block-column-is-layout-flow\">\n<p>Senkrechter Vorstieg<\/p>\n\n\n\n<p style=\"font-size:12px\">Gesicherter Vorstieg der Feuerwehr zu einer hilfsbed\u00fcrftigen Person \/ Tier in der Senkrechten, welche dann gesichert wird. Der weitere Ablauf wird individuell dann auf den Einsatz angepasst.<\/p>\n<\/div>\n\n\n\n<div class=\"wp-block-column is-layout-flow wp-block-column-is-layout-flow\">\n<figure class=\"wp-block-gallery columns-1 is-cropped wp-block-gallery-1 is-layout-flex wp-block-gallery-is-layout-flex\"><ul class=\"blocks-gallery-grid\"><li class=\"blocks-gallery-item\"><figure><a href=\"https:\/\/feuerwehr-neunburg.de\/web\/wp-content\/uploads\/2020\/02\/20190905_210740.jpg\"><img loading=\"lazy\" decoding=\"async\" width=\"1024\" height=\"576\" src=\"https:\/\/feuerwehr-neunburg.de\/web\/wp-content\/uploads\/2020\/02\/20190905_210740-1024x576.jpg\" alt=\"\" data-id=\"2243\" data-full-url=\"https:\/\/feuerwehr-neunburg.de\/web\/wp-content\/uploads\/2020\/02\/20190905_210740.jpg\" data-link=\"https:\/\/feuerwehr-neunburg.de\/web\/20190905_210740-2\/\" class=\"wp-image-2243\" srcset=\"https:\/\/feuerwehr-neunburg.de\/web\/wp-content\/uploads\/2020\/02\/20190905_210740-1024x576.jpg 1024w, https:\/\/feuerwehr-neunburg.de\/web\/wp-content\/uploads\/2020\/02\/20190905_210740-300x169.jpg 300w, https:\/\/feuerwehr-neunburg.de\/web\/wp-content\/uploads\/2020\/02\/20190905_210740-768x432.jpg 768w, https:\/\/feuerwehr-neunburg.de\/web\/wp-content\/uploads\/2020\/02\/20190905_210740-800x450.jpg 800w, https:\/\/feuerwehr-neunburg.de\/web\/wp-content\/uploads\/2020\/02\/20190905_210740.jpg 1067w\" sizes=\"auto, (max-width: 1024px) 100vw, 1024px\" \/><\/a><\/figure><\/li><\/ul><\/figure>\n<\/div>\n<\/div>\n\n\n\n<hr class=\"wp-block-separator has-text-color has-background has-cyan-bluish-gray-background-color has-cyan-bluish-gray-color\"\/>\n\n\n\n<div class=\"wp-block-columns is-layout-flex wp-container-core-columns-is-layout-9d6595d7 wp-block-columns-is-layout-flex\">\n<div class=\"wp-block-column is-layout-flow wp-block-column-is-layout-flow\">\n<p>Waagrechter Vorstieg<\/p>\n\n\n\n<p style=\"font-size:12px\"> Gesicherter Vorstieg der Feuerwehr zu einer hilfsbed\u00fcrftigen Person \/ Tier in der Waagrechten, welche dann gesichert wird. Der weitere Ablauf wird individuell dann auf den Einsatz angepasst. <\/p>\n<\/div>\n\n\n\n<div class=\"wp-block-column is-layout-flow wp-block-column-is-layout-flow\">\n<figure class=\"wp-block-gallery columns-1 is-cropped wp-block-gallery-2 is-layout-flex wp-block-gallery-is-layout-flex\"><ul class=\"blocks-gallery-grid\"><li class=\"blocks-gallery-item\"><figure><a href=\"https:\/\/feuerwehr-neunburg.de\/web\/wp-content\/uploads\/2020\/02\/20190912_193914.jpg\"><img loading=\"lazy\" decoding=\"async\" width=\"1024\" height=\"576\" src=\"https:\/\/feuerwehr-neunburg.de\/web\/wp-content\/uploads\/2020\/02\/20190912_193914-1024x576.jpg\" alt=\"\" data-id=\"2247\" data-full-url=\"https:\/\/feuerwehr-neunburg.de\/web\/wp-content\/uploads\/2020\/02\/20190912_193914.jpg\" data-link=\"https:\/\/feuerwehr-neunburg.de\/web\/20190912_193914\/\" class=\"wp-image-2247\" srcset=\"https:\/\/feuerwehr-neunburg.de\/web\/wp-content\/uploads\/2020\/02\/20190912_193914-1024x576.jpg 1024w, https:\/\/feuerwehr-neunburg.de\/web\/wp-content\/uploads\/2020\/02\/20190912_193914-300x169.jpg 300w, https:\/\/feuerwehr-neunburg.de\/web\/wp-content\/uploads\/2020\/02\/20190912_193914-768x432.jpg 768w, https:\/\/feuerwehr-neunburg.de\/web\/wp-content\/uploads\/2020\/02\/20190912_193914-800x450.jpg 800w, https:\/\/feuerwehr-neunburg.de\/web\/wp-content\/uploads\/2020\/02\/20190912_193914.jpg 1067w\" sizes=\"auto, (max-width: 1024px) 100vw, 1024px\" \/><\/a><\/figure><\/li><\/ul><\/figure>\n<\/div>\n<\/div>\n\n\n\n<hr class=\"wp-block-separator has-text-color has-background has-cyan-bluish-gray-background-color has-cyan-bluish-gray-color\"\/>\n\n\n\n<div class=\"wp-block-columns is-layout-flex wp-container-core-columns-is-layout-9d6595d7 wp-block-columns-is-layout-flex\">\n<div class=\"wp-block-column is-layout-flow wp-block-column-is-layout-flow\">\n<p>Knotenkunde:<\/p>\n\n\n\n<p style=\"font-size:12px\">Eines der wichtigsten Grundlagen ist es die Knoten richtig zu beherrschen!<\/p>\n<\/div>\n\n\n\n<div class=\"wp-block-column is-layout-flow wp-block-column-is-layout-flow\">\n<figure class=\"wp-block-gallery columns-1 is-cropped wp-block-gallery-3 is-layout-flex wp-block-gallery-is-layout-flex\"><ul class=\"blocks-gallery-grid\"><li class=\"blocks-gallery-item\"><figure><a href=\"https:\/\/feuerwehr-neunburg.de\/web\/wp-content\/uploads\/2020\/02\/20190912_205318.jpg\"><img loading=\"lazy\" decoding=\"async\" width=\"1024\" height=\"576\" src=\"https:\/\/feuerwehr-neunburg.de\/web\/wp-content\/uploads\/2020\/02\/20190912_205318-1024x576.jpg\" alt=\"\" data-id=\"2250\" data-full-url=\"https:\/\/feuerwehr-neunburg.de\/web\/wp-content\/uploads\/2020\/02\/20190912_205318.jpg\" data-link=\"https:\/\/feuerwehr-neunburg.de\/web\/20190912_205318\/\" class=\"wp-image-2250\" srcset=\"https:\/\/feuerwehr-neunburg.de\/web\/wp-content\/uploads\/2020\/02\/20190912_205318-1024x576.jpg 1024w, https:\/\/feuerwehr-neunburg.de\/web\/wp-content\/uploads\/2020\/02\/20190912_205318-300x169.jpg 300w, https:\/\/feuerwehr-neunburg.de\/web\/wp-content\/uploads\/2020\/02\/20190912_205318-768x432.jpg 768w, https:\/\/feuerwehr-neunburg.de\/web\/wp-content\/uploads\/2020\/02\/20190912_205318-800x450.jpg 800w, https:\/\/feuerwehr-neunburg.de\/web\/wp-content\/uploads\/2020\/02\/20190912_205318.jpg 1067w\" sizes=\"auto, (max-width: 1024px) 100vw, 1024px\" \/><\/a><\/figure><\/li><\/ul><\/figure>\n<\/div>\n<\/div>\n\n\n\n<hr class=\"wp-block-separator has-text-color has-background has-cyan-bluish-gray-background-color has-cyan-bluish-gray-color\"\/>\n\n\n\n<div class=\"wp-block-columns is-layout-flex wp-container-core-columns-is-layout-9d6595d7 wp-block-columns-is-layout-flex\">\n<div class=\"wp-block-column is-layout-flow wp-block-column-is-layout-flow\">\n<p>Sicherer Vorstieg am Dach<\/p>\n\n\n\n<p style=\"font-size:12px\">Gesicherter Vorstieg der Feuerwehr auf einem Dach f\u00fcr Ma\u00dfnahmen nach einem Sturm oder sonstige Hilfsma\u00dfnahmen.<\/p>\n<\/div>\n\n\n\n<div class=\"wp-block-column is-layout-flow wp-block-column-is-layout-flow\">\n<figure class=\"wp-block-gallery columns-1 is-cropped wp-block-gallery-4 is-layout-flex wp-block-gallery-is-layout-flex\"><ul class=\"blocks-gallery-grid\"><li class=\"blocks-gallery-item\"><figure><a href=\"https:\/\/feuerwehr-neunburg.de\/web\/wp-content\/uploads\/2020\/02\/DJI_0160.jpg\"><img loading=\"lazy\" decoding=\"async\" width=\"800\" height=\"600\" src=\"https:\/\/feuerwehr-neunburg.de\/web\/wp-content\/uploads\/2020\/02\/DJI_0160.jpg\" alt=\"\" data-id=\"2259\" data-full-url=\"https:\/\/feuerwehr-neunburg.de\/web\/wp-content\/uploads\/2020\/02\/DJI_0160.jpg\" data-link=\"https:\/\/feuerwehr-neunburg.de\/web\/dcim100mediadji_0160-jpg-2\/\" class=\"wp-image-2259\" srcset=\"https:\/\/feuerwehr-neunburg.de\/web\/wp-content\/uploads\/2020\/02\/DJI_0160.jpg 800w, https:\/\/feuerwehr-neunburg.de\/web\/wp-content\/uploads\/2020\/02\/DJI_0160-300x225.jpg 300w, https:\/\/feuerwehr-neunburg.de\/web\/wp-content\/uploads\/2020\/02\/DJI_0160-768x576.jpg 768w, https:\/\/feuerwehr-neunburg.de\/web\/wp-content\/uploads\/2020\/02\/DJI_0160-400x300.jpg 400w\" sizes=\"auto, (max-width: 800px) 100vw, 800px\" \/><\/a><\/figure><\/li><\/ul><\/figure>\n<\/div>\n<\/div>\n\n\n\n<hr class=\"wp-block-separator has-text-color has-background has-cyan-bluish-gray-background-color has-cyan-bluish-gray-color\"\/>\n\n\n\n<div class=\"wp-block-columns is-layout-flex wp-container-core-columns-is-layout-9d6595d7 wp-block-columns-is-layout-flex\">\n<div class=\"wp-block-column is-layout-flow wp-block-column-is-layout-flow\">\n<p>Selbstretten<\/p>\n\n\n\n<p style=\"font-size:12px\">Wenn der R\u00fcckzugsweg verhindert ist, besteht die M\u00f6glichkeit der Selbstrettung.<\/p>\n<\/div>\n\n\n\n<div class=\"wp-block-column is-layout-flow wp-block-column-is-layout-flow\">\n<figure class=\"wp-block-gallery columns-1 is-cropped wp-block-gallery-5 is-layout-flex wp-block-gallery-is-layout-flex\"><ul class=\"blocks-gallery-grid\"><li class=\"blocks-gallery-item\"><figure><a href=\"https:\/\/feuerwehr-neunburg.de\/web\/wp-content\/uploads\/2020\/02\/20190914_133155.jpg\"><img loading=\"lazy\" decoding=\"async\" width=\"1024\" height=\"576\" src=\"https:\/\/feuerwehr-neunburg.de\/web\/wp-content\/uploads\/2020\/02\/20190914_133155-1024x576.jpg\" alt=\"\" data-id=\"2258\" data-full-url=\"https:\/\/feuerwehr-neunburg.de\/web\/wp-content\/uploads\/2020\/02\/20190914_133155.jpg\" data-link=\"https:\/\/feuerwehr-neunburg.de\/web\/20190914_133155-2\/\" class=\"wp-image-2258\" srcset=\"https:\/\/feuerwehr-neunburg.de\/web\/wp-content\/uploads\/2020\/02\/20190914_133155-1024x576.jpg 1024w, https:\/\/feuerwehr-neunburg.de\/web\/wp-content\/uploads\/2020\/02\/20190914_133155-300x169.jpg 300w, https:\/\/feuerwehr-neunburg.de\/web\/wp-content\/uploads\/2020\/02\/20190914_133155-768x432.jpg 768w, https:\/\/feuerwehr-neunburg.de\/web\/wp-content\/uploads\/2020\/02\/20190914_133155-800x450.jpg 800w, https:\/\/feuerwehr-neunburg.de\/web\/wp-content\/uploads\/2020\/02\/20190914_133155.jpg 1067w\" sizes=\"auto, (max-width: 1024px) 100vw, 1024px\" \/><\/a><\/figure><\/li><\/ul><\/figure>\n<\/div>\n<\/div>\n\n\n\n<hr class=\"wp-block-separator has-text-color has-background has-cyan-bluish-gray-background-color has-cyan-bluish-gray-color\"\/>\n\n\n\n<div class=\"wp-block-columns is-layout-flex wp-container-core-columns-is-layout-9d6595d7 wp-block-columns-is-layout-flex\">\n<div class=\"wp-block-column is-layout-flow wp-block-column-is-layout-flow\">\n<p>Schachtrettung<\/p>\n\n\n\n<p style=\"font-size:12px\">Ann\u00e4hern einer Person \/ Tier in Sch\u00e4chten. Dort werden dann Ma\u00dfnahmen f\u00fcr die Rettung getroffen und ausgef\u00fchrt.<\/p>\n<\/div>\n\n\n\n<div class=\"wp-block-column is-layout-flow wp-block-column-is-layout-flow\">\n<figure class=\"wp-block-gallery columns-1 is-cropped wp-block-gallery-6 is-layout-flex wp-block-gallery-is-layout-flex\"><ul class=\"blocks-gallery-grid\"><li class=\"blocks-gallery-item\"><figure><a href=\"https:\/\/feuerwehr-neunburg.de\/web\/wp-content\/uploads\/2020\/02\/20160903_165036.jpg\"><img loading=\"lazy\" decoding=\"async\" width=\"1024\" height=\"576\" src=\"https:\/\/feuerwehr-neunburg.de\/web\/wp-content\/uploads\/2020\/02\/20160903_165036-1024x576.jpg\" alt=\"\" data-id=\"2332\" data-full-url=\"https:\/\/feuerwehr-neunburg.de\/web\/wp-content\/uploads\/2020\/02\/20160903_165036.jpg\" data-link=\"https:\/\/feuerwehr-neunburg.de\/web\/20160903_165036\/\" class=\"wp-image-2332\" srcset=\"https:\/\/feuerwehr-neunburg.de\/web\/wp-content\/uploads\/2020\/02\/20160903_165036-1024x576.jpg 1024w, https:\/\/feuerwehr-neunburg.de\/web\/wp-content\/uploads\/2020\/02\/20160903_165036-300x169.jpg 300w, https:\/\/feuerwehr-neunburg.de\/web\/wp-content\/uploads\/2020\/02\/20160903_165036-768x432.jpg 768w, https:\/\/feuerwehr-neunburg.de\/web\/wp-content\/uploads\/2020\/02\/20160903_165036-800x450.jpg 800w, https:\/\/feuerwehr-neunburg.de\/web\/wp-content\/uploads\/2020\/02\/20160903_165036.jpg 1365w\" sizes=\"auto, (max-width: 1024px) 100vw, 1024px\" \/><\/a><\/figure><\/li><\/ul><\/figure>\n<\/div>\n<\/div>\n\n\n\n<hr class=\"wp-block-separator has-text-color has-background has-cyan-bluish-gray-background-color has-cyan-bluish-gray-color\"\/>\n\n\n\n<div class=\"wp-block-columns is-layout-flex wp-container-core-columns-is-layout-9d6595d7 wp-block-columns-is-layout-flex\">\n<div class=\"wp-block-column is-layout-flow wp-block-column-is-layout-flow\">\n<p>Personenrettung mit Schleifkorbtrage und Drehleiter<\/p>\n\n\n\n<p style=\"font-size:12px\">Personenrettung \u00fcber die Schleifkorbtrage und der Drehleiter z.B. bei Unf\u00e4llen auf D\u00e4chern. Auch unterflur kann dieses System angewandt weden z.B. bei Br\u00fccken.<\/p>\n<\/div>\n\n\n\n<div class=\"wp-block-column is-layout-flow wp-block-column-is-layout-flow\">\n<figure class=\"wp-block-gallery columns-1 is-cropped wp-block-gallery-7 is-layout-flex wp-block-gallery-is-layout-flex\"><ul class=\"blocks-gallery-grid\"><li class=\"blocks-gallery-item\"><figure><a href=\"https:\/\/feuerwehr-neunburg.de\/web\/wp-content\/uploads\/2020\/02\/20170128_163612-rotated.jpg\"><img loading=\"lazy\" decoding=\"async\" width=\"1024\" height=\"768\" src=\"https:\/\/feuerwehr-neunburg.de\/web\/wp-content\/uploads\/2020\/02\/20170128_163612-rotated.jpg\" alt=\"\" data-id=\"2321\" data-full-url=\"https:\/\/feuerwehr-neunburg.de\/web\/wp-content\/uploads\/2020\/02\/20170128_163612-rotated.jpg\" data-link=\"https:\/\/feuerwehr-neunburg.de\/web\/20170128_163612\/\" class=\"wp-image-2321\" srcset=\"https:\/\/feuerwehr-neunburg.de\/web\/wp-content\/uploads\/2020\/02\/20170128_163612-rotated.jpg 1024w, https:\/\/feuerwehr-neunburg.de\/web\/wp-content\/uploads\/2020\/02\/20170128_163612-300x225.jpg 300w, https:\/\/feuerwehr-neunburg.de\/web\/wp-content\/uploads\/2020\/02\/20170128_163612-768x576.jpg 768w, https:\/\/feuerwehr-neunburg.de\/web\/wp-content\/uploads\/2020\/02\/20170128_163612-800x600.jpg 800w, https:\/\/feuerwehr-neunburg.de\/web\/wp-content\/uploads\/2020\/02\/20170128_163612-400x300.jpg 400w\" sizes=\"auto, (max-width: 1024px) 100vw, 1024px\" \/><\/a><\/figure><\/li><\/ul><\/figure>\n<\/div>\n<\/div>\n\n\n\n<hr class=\"wp-block-separator has-text-color has-background has-cyan-bluish-gray-background-color has-cyan-bluish-gray-color\"\/>\n\n\n\n<div class=\"wp-block-columns is-layout-flex wp-container-core-columns-is-layout-9d6595d7 wp-block-columns-is-layout-flex\">\n<div class=\"wp-block-column is-layout-flow wp-block-column-is-layout-flow\">\n<p>Personenrettung mit Schleifkorbtrage ohne Drehleiter<\/p>\n\n\n\n<p style=\"font-size:12px\">Personenrettung \u00fcber die Schleifkorbtrage. Dieses System kann angewandt werden, wenn mit der Drehleiter nicht angefahren werden kann.<\/p>\n<\/div>\n\n\n\n<div class=\"wp-block-column is-layout-flow wp-block-column-is-layout-flow\">\n<figure class=\"wp-block-gallery columns-1 is-cropped wp-block-gallery-8 is-layout-flex wp-block-gallery-is-layout-flex\"><ul class=\"blocks-gallery-grid\"><li class=\"blocks-gallery-item\"><figure><a href=\"https:\/\/feuerwehr-neunburg.de\/web\/wp-content\/uploads\/2020\/02\/IMG-20170821-WA0011.jpg\"><img loading=\"lazy\" decoding=\"async\" width=\"1024\" height=\"768\" src=\"https:\/\/feuerwehr-neunburg.de\/web\/wp-content\/uploads\/2020\/02\/IMG-20170821-WA0011.jpg\" alt=\"\" data-id=\"2341\" data-full-url=\"https:\/\/feuerwehr-neunburg.de\/web\/wp-content\/uploads\/2020\/02\/IMG-20170821-WA0011.jpg\" data-link=\"https:\/\/feuerwehr-neunburg.de\/web\/img-20170821-wa0011\/\" class=\"wp-image-2341\" srcset=\"https:\/\/feuerwehr-neunburg.de\/web\/wp-content\/uploads\/2020\/02\/IMG-20170821-WA0011.jpg 1024w, https:\/\/feuerwehr-neunburg.de\/web\/wp-content\/uploads\/2020\/02\/IMG-20170821-WA0011-300x225.jpg 300w, https:\/\/feuerwehr-neunburg.de\/web\/wp-content\/uploads\/2020\/02\/IMG-20170821-WA0011-768x576.jpg 768w, https:\/\/feuerwehr-neunburg.de\/web\/wp-content\/uploads\/2020\/02\/IMG-20170821-WA0011-800x600.jpg 800w, https:\/\/feuerwehr-neunburg.de\/web\/wp-content\/uploads\/2020\/02\/IMG-20170821-WA0011-400x300.jpg 400w\" sizes=\"auto, (max-width: 1024px) 100vw, 1024px\" \/><\/a><\/figure><\/li><\/ul><\/figure>\n<\/div>\n<\/div>\n","protected":false},"excerpt":{"rendered":"<p>Absturzsicherung Die Neunburger Wehr verf\u00fcgt \u00fcber eine Gruppe Absturzsicherung. F\u00fcr die Ausbildung stehen zwei &#8222;Ausbilder f\u00fcr Absturzsicherung&#8220; in der eigenen Wehr zur Verf\u00fcgung. Ziel dieser Gruppe ist es verunfallte in Not befindende Personen zu helfen wo man mit Gro\u00dffahrzeugen nicht hin kommt. Derzeit sind 18 Personen bei der Gruppe Absturzsicherung aktiv. &#8222;Absturzsicherung kurz erkl\u00e4rt&#8220; Senkrechter <\/p>\n<p><a class=\"btn btn-secondary understrap-read-more-link\" href=\"https:\/\/feuerwehr-neunburg.de\/web\/absturzsicherung\/\">Weiterlesen&#8230;<span class=\"screen-reader-text\"> from Absturzsicherung<\/span><\/a><\/p>\n","protected":false},"author":5,"featured_media":0,"parent":0,"menu_order":0,"comment_status":"closed","ping_status":"closed","template":"","meta":{"footnotes":""},"class_list":["post-2230","page","type-page","status-publish","hentry"],"_links":{"self":[{"href":"https:\/\/feuerwehr-neunburg.de\/web\/wp-json\/wp\/v2\/pages\/2230","targetHints":{"allow":["GET"]}}],"collection":[{"href":"https:\/\/feuerwehr-neunburg.de\/web\/wp-json\/wp\/v2\/pages"}],"about":[{"href":"https:\/\/feuerwehr-neunburg.de\/web\/wp-json\/wp\/v2\/types\/page"}],"author":[{"embeddable":true,"href":"https:\/\/feuerwehr-neunburg.de\/web\/wp-json\/wp\/v2\/users\/5"}],"replies":[{"embeddable":true,"href":"https:\/\/feuerwehr-neunburg.de\/web\/wp-json\/wp\/v2\/comments?post=2230"}],"version-history":[{"count":18,"href":"https:\/\/feuerwehr-neunburg.de\/web\/wp-json\/wp\/v2\/pages\/2230\/revisions"}],"predecessor-version":[{"id":2383,"href":"https:\/\/feuerwehr-neunburg.de\/web\/wp-json\/wp\/v2\/pages\/2230\/revisions\/2383"}],"wp:attachment":[{"href":"https:\/\/feuerwehr-neunburg.de\/web\/wp-json\/wp\/v2\/media?parent=2230"}],"curies":[{"name":"wp","href":"https:\/\/api.w.org\/{rel}","templated":true}]}}