{"id":265,"date":"2019-01-29T10:35:34","date_gmt":"2019-01-29T09:35:34","guid":{"rendered":"http:\/\/feuerwehr-neunburg.de\/web\/?page_id=265"},"modified":"2024-12-19T17:07:51","modified_gmt":"2024-12-19T16:07:51","slug":"jugend","status":"publish","type":"page","link":"https:\/\/feuerwehr-neunburg.de\/web\/jugend\/","title":{"rendered":"Jugend"},"content":{"rendered":"\n<h1 class=\"wp-block-heading\">Jugend<\/h1>\n\n\n\n<hr class=\"wp-block-separator has-css-opacity\"\/>\n\n\n\n<div class=\"wp-block-media-text is-stacked-on-mobile is-vertically-aligned-center\" style=\"grid-template-columns:40% auto\"><figure class=\"wp-block-media-text__media\"><img loading=\"lazy\" decoding=\"async\" width=\"1024\" height=\"768\" src=\"https:\/\/feuerwehr-neunburg.de\/web\/wp-content\/uploads\/2024\/02\/8a38f1e7-5f1f-4208-8f9e-7f07e98284ca-1024x768.jpg\" alt=\"\" class=\"wp-image-5555 size-full\" srcset=\"https:\/\/feuerwehr-neunburg.de\/web\/wp-content\/uploads\/2024\/02\/8a38f1e7-5f1f-4208-8f9e-7f07e98284ca-1024x768.jpg 1024w, https:\/\/feuerwehr-neunburg.de\/web\/wp-content\/uploads\/2024\/02\/8a38f1e7-5f1f-4208-8f9e-7f07e98284ca-300x225.jpg 300w, https:\/\/feuerwehr-neunburg.de\/web\/wp-content\/uploads\/2024\/02\/8a38f1e7-5f1f-4208-8f9e-7f07e98284ca-768x576.jpg 768w, https:\/\/feuerwehr-neunburg.de\/web\/wp-content\/uploads\/2024\/02\/8a38f1e7-5f1f-4208-8f9e-7f07e98284ca-1536x1152.jpg 1536w, https:\/\/feuerwehr-neunburg.de\/web\/wp-content\/uploads\/2024\/02\/8a38f1e7-5f1f-4208-8f9e-7f07e98284ca.jpg 1600w\" sizes=\"auto, (max-width: 1024px) 100vw, 1024px\" \/><\/figure><div class=\"wp-block-media-text__content\">\n<h2 class=\"wp-block-heading has-large-font-size\">Jugendwart<\/h2>\n\n\n\n<p>Josef Ettl<\/p>\n<\/div><\/div>\n\n\n\n<hr class=\"wp-block-separator has-css-opacity\"\/>\n\n\n\n<div class=\"wp-block-media-text is-stacked-on-mobile is-vertically-aligned-center\" style=\"grid-template-columns:40% auto\"><figure class=\"wp-block-media-text__media\"><img loading=\"lazy\" decoding=\"async\" width=\"2560\" height=\"1920\" src=\"https:\/\/feuerwehr-neunburg.de\/web\/wp-content\/uploads\/2024\/12\/20240228_1709141-scaled.jpg\" alt=\"\" class=\"wp-image-5915 size-full\" srcset=\"https:\/\/feuerwehr-neunburg.de\/web\/wp-content\/uploads\/2024\/12\/20240228_1709141-scaled.jpg 2560w, https:\/\/feuerwehr-neunburg.de\/web\/wp-content\/uploads\/2024\/12\/20240228_1709141-300x225.jpg 300w, https:\/\/feuerwehr-neunburg.de\/web\/wp-content\/uploads\/2024\/12\/20240228_1709141-1024x768.jpg 1024w, https:\/\/feuerwehr-neunburg.de\/web\/wp-content\/uploads\/2024\/12\/20240228_1709141-768x576.jpg 768w, https:\/\/feuerwehr-neunburg.de\/web\/wp-content\/uploads\/2024\/12\/20240228_1709141-1536x1152.jpg 1536w, https:\/\/feuerwehr-neunburg.de\/web\/wp-content\/uploads\/2024\/12\/20240228_1709141-2048x1536.jpg 2048w\" sizes=\"auto, (max-width: 2560px) 100vw, 2560px\" \/><\/figure><div class=\"wp-block-media-text__content\">\n<h2 class=\"wp-block-heading has-text-align-left has-large-font-size\">Stv. Jugendwart<\/h2>\n\n\n\n<p class=\"has-text-align-left\">Alexander Richter<\/p>\n<\/div><\/div>\n\n\n\n<hr class=\"wp-block-separator has-alpha-channel-opacity\"\/>\n\n\n\n<h2 class=\"wp-block-heading\">Betreuer<\/h2>\n\n\n\n<ul class=\"wp-block-list\">\n<li>Franziska K\u00e4sbauer<\/li>\n\n\n\n<li>Anna-Lena-Birner<\/li>\n\n\n\n<li>Selina Ellmann<\/li>\n\n\n\n<li>Mathias Bindl<\/li>\n<\/ul>\n\n\n\n<hr class=\"wp-block-separator has-css-opacity\"\/>\n\n\n\n<figure class=\"wp-block-image\"><img loading=\"lazy\" decoding=\"async\" width=\"600\" height=\"848\" src=\"https:\/\/feuerwehr-neunburg.de\/web\/wp-content\/uploads\/2019\/01\/Plakat_jugend.png\" alt=\"\" class=\"wp-image-273\" srcset=\"https:\/\/feuerwehr-neunburg.de\/web\/wp-content\/uploads\/2019\/01\/Plakat_jugend.png 600w, https:\/\/feuerwehr-neunburg.de\/web\/wp-content\/uploads\/2019\/01\/Plakat_jugend-212x300.png 212w\" sizes=\"auto, (max-width: 600px) 100vw, 600px\" \/><\/figure>\n\n\n\n<div class=\"wp-block-columns has-2-columns smalltextsize is-layout-flex wp-container-core-columns-is-layout-9d6595d7 wp-block-columns-is-layout-flex\">\n<div class=\"wp-block-column is-layout-flow wp-block-column-is-layout-flow\">\n<p>Dir wird neben den <strong>\u00dcbungen<\/strong> wie:<\/p>\n\n\n\n<ul class=\"wp-block-list\">\n<li>Fahrzeug- und Ger\u00e4tekunde<\/li>\n\n\n\n<li>Unfallverh\u00fctungsvorschrift (UVV<\/li>\n\n\n\n<li>Verschiedene <\/li>\n\n\n\n<li>Jugendleistungsabzeiche<\/li>\n\n\n\n<li>Funk\u00fcbung<\/li>\n\n\n\n<li>u.v.m.<\/li>\n<\/ul>\n\n\n\n<p><\/p>\n<\/div>\n\n\n\n<div class=\"wp-block-column is-layout-flow wp-block-column-is-layout-flow\">\n<p> auch eine sinnvolle Freizeitbesch\u00e4ftigungen geboten:<br> <\/p>\n\n\n\n<ul class=\"wp-block-list\">\n<li> Fu\u00dfball spielen<\/li>\n\n\n\n<li>Kickern<\/li>\n\n\n\n<li>Billiard spielen<\/li>\n\n\n\n<li>Ausfl\u00fcge unternehmen<\/li>\n\n\n\n<li>Zeltlager<\/li>\n\n\n\n<li>u.v.m <\/li>\n<\/ul>\n\n\n\n<p>Nat\u00fcrlich haben wir auch an Dich ein paar <strong>Anforderungen<\/strong>:<\/p>\n\n\n\n<ul class=\"wp-block-list\">\n<li>im Team zusammenarbeiten<\/li>\n\n\n\n<li>an \u00dcbungen und Veranstaltungen teilnehmen<\/li>\n\n\n\n<li>interessiert sein an der Technik<\/li>\n\n\n\n<li>Kritikf\u00e4hig und<\/li>\n\n\n\n<li>Abenteuerlustig sein<\/li>\n<\/ul>\n\n\n\n<p><\/p>\n<\/div>\n<\/div>\n\n\n\n<p>Wenn wir dein&nbsp;<em>Interesse<\/em>&nbsp;geweckt haben und du 12 Jahre alt bist, egal ob Junge oder M\u00e4dchen, dann melde dich doch mal bei uns im Feuerwehrger\u00e4tehaus an der R\u00f6tzer Stra\u00dfe 10 oder&nbsp;<strong>telefonisch unter 09672 \/ 628<\/strong>, oder ruf einen von den Jugendwarten an.<\/p>\n","protected":false},"excerpt":{"rendered":"<p>Jugend Jugendwart Josef Ettl Stv. Jugendwart Alexander Richter Betreuer Dir wird neben den \u00dcbungen wie: auch eine sinnvolle Freizeitbesch\u00e4ftigungen geboten: Nat\u00fcrlich haben wir auch an Dich ein paar Anforderungen: Wenn wir dein&nbsp;Interesse&nbsp;geweckt haben und du 12 Jahre alt bist, egal ob Junge oder M\u00e4dchen, dann melde dich doch mal bei uns im Feuerwehrger\u00e4tehaus an der <\/p>\n<p><a class=\"btn btn-secondary understrap-read-more-link\" href=\"https:\/\/feuerwehr-neunburg.de\/web\/jugend\/\">Weiterlesen&#8230;<span class=\"screen-reader-text\"> from Jugend<\/span><\/a><\/p>\n","protected":false},"author":1,"featured_media":0,"parent":0,"menu_order":0,"comment_status":"closed","ping_status":"closed","template":"","meta":{"footnotes":""},"class_list":["post-265","page","type-page","status-publish","hentry"],"_links":{"self":[{"href":"https:\/\/feuerwehr-neunburg.de\/web\/wp-json\/wp\/v2\/pages\/265","targetHints":{"allow":["GET"]}}],"collection":[{"href":"https:\/\/feuerwehr-neunburg.de\/web\/wp-json\/wp\/v2\/pages"}],"about":[{"href":"https:\/\/feuerwehr-neunburg.de\/web\/wp-json\/wp\/v2\/types\/page"}],"author":[{"embeddable":true,"href":"https:\/\/feuerwehr-neunburg.de\/web\/wp-json\/wp\/v2\/users\/1"}],"replies":[{"embeddable":true,"href":"https:\/\/feuerwehr-neunburg.de\/web\/wp-json\/wp\/v2\/comments?post=265"}],"version-history":[{"count":31,"href":"https:\/\/feuerwehr-neunburg.de\/web\/wp-json\/wp\/v2\/pages\/265\/revisions"}],"predecessor-version":[{"id":5926,"href":"https:\/\/feuerwehr-neunburg.de\/web\/wp-json\/wp\/v2\/pages\/265\/revisions\/5926"}],"wp:attachment":[{"href":"https:\/\/feuerwehr-neunburg.de\/web\/wp-json\/wp\/v2\/media?parent=265"}],"curies":[{"name":"wp","href":"https:\/\/api.w.org\/{rel}","templated":true}]}}