{"id":473,"date":"2019-04-18T11:15:21","date_gmt":"2019-04-18T09:15:21","guid":{"rendered":"http:\/\/feuerwehr-neunburg.de\/web\/?page_id=473"},"modified":"2020-08-02T20:57:54","modified_gmt":"2020-08-02T18:57:54","slug":"senioren","status":"publish","type":"page","link":"https:\/\/feuerwehr-neunburg.de\/web\/senioren\/","title":{"rendered":"Senioren"},"content":{"rendered":"\n<p>Einen ganz gro\u00dfen Dank geb\u00fchrt den Menschen, die ohne Bezahlung, freiwillig sich im Dienst der Stadt, rund um die Uhr, das ganze Jahr, f\u00fcr alle Menschen der Gemeinde Neunburg und auch dar\u00fcber hinaus da waren.<\/p>\n\n\n\n<p class=\"has-text-align-center\">DANKE daf\u00fcr!!!<\/p>\n\n\n\n<p>Es handelt sich hierbei um unsere Seniorengruppe der St\u00fctzpunktwehr Neunburg. Eine sch\u00f6ne Gemeinschaft die f\u00fcr alle eine Bereicherung ist.<\/p>\n\n\n\n<p>Trotz alledem kommt irgendwann der Tag, an dem man am aktiven Dienst nicht mehr teilnehmen kann oder altersbedingt darf. Das hei\u00dft aber nicht, nicht mehr dabei zu sein.<\/p>\n\n\n\n<p>Gerade in der Zeit, wo man es etwas ruhiger angehen sollte, ist es doch am sch\u00f6nsten, sich mit alten Haudegen \/ Kameraden, eine sch\u00f6ne Zeit zu verbringen.<\/p>\n\n\n\n<p>Und das tun Sie!<\/p>\n\n\n\n<ul class=\"wp-block-list\"><li>es werden F\u00fchrungen besucht<\/li><li>Fr\u00fchshoppen werden abgehalten<\/li><li>gemeinsames Grillen am Feuerwehrhaus<\/li><li>Wanderungen werden durchgef\u00fchrt<\/li><li>an Veranstaltungen wird teilgenommen<\/li><li>bei Veranstaltungen der Wehr wird unterst\u00fctzt<\/li><\/ul>\n\n\n\n<p><\/p>\n","protected":false},"excerpt":{"rendered":"<p>Einen ganz gro\u00dfen Dank geb\u00fchrt den Menschen, die ohne Bezahlung, freiwillig sich im Dienst der Stadt, rund um die Uhr, das ganze Jahr, f\u00fcr alle Menschen der Gemeinde Neunburg und auch dar\u00fcber hinaus da waren. DANKE daf\u00fcr!!! Es handelt sich hierbei um unsere Seniorengruppe der St\u00fctzpunktwehr Neunburg. Eine sch\u00f6ne Gemeinschaft die f\u00fcr alle eine Bereicherung <\/p>\n<p><a class=\"btn btn-secondary understrap-read-more-link\" href=\"https:\/\/feuerwehr-neunburg.de\/web\/senioren\/\">Weiterlesen&#8230;<span class=\"screen-reader-text\"> from Senioren<\/span><\/a><\/p>\n","protected":false},"author":5,"featured_media":0,"parent":0,"menu_order":0,"comment_status":"closed","ping_status":"closed","template":"page-withoutSidebar.php","meta":{"footnotes":""},"class_list":["post-473","page","type-page","status-publish","hentry"],"_links":{"self":[{"href":"https:\/\/feuerwehr-neunburg.de\/web\/wp-json\/wp\/v2\/pages\/473","targetHints":{"allow":["GET"]}}],"collection":[{"href":"https:\/\/feuerwehr-neunburg.de\/web\/wp-json\/wp\/v2\/pages"}],"about":[{"href":"https:\/\/feuerwehr-neunburg.de\/web\/wp-json\/wp\/v2\/types\/page"}],"author":[{"embeddable":true,"href":"https:\/\/feuerwehr-neunburg.de\/web\/wp-json\/wp\/v2\/users\/5"}],"replies":[{"embeddable":true,"href":"https:\/\/feuerwehr-neunburg.de\/web\/wp-json\/wp\/v2\/comments?post=473"}],"version-history":[{"count":13,"href":"https:\/\/feuerwehr-neunburg.de\/web\/wp-json\/wp\/v2\/pages\/473\/revisions"}],"predecessor-version":[{"id":3004,"href":"https:\/\/feuerwehr-neunburg.de\/web\/wp-json\/wp\/v2\/pages\/473\/revisions\/3004"}],"wp:attachment":[{"href":"https:\/\/feuerwehr-neunburg.de\/web\/wp-json\/wp\/v2\/media?parent=473"}],"curies":[{"name":"wp","href":"https:\/\/api.w.org\/{rel}","templated":true}]}}