{"id":67,"date":"2019-01-20T15:51:26","date_gmt":"2019-01-20T14:51:26","guid":{"rendered":"http:\/\/feuerwehr-neunburg.de\/web\/?page_id=67"},"modified":"2019-09-07T13:49:53","modified_gmt":"2019-09-07T11:49:53","slug":"geschichte","status":"publish","type":"page","link":"https:\/\/feuerwehr-neunburg.de\/web\/geschichte\/","title":{"rendered":"Geschichte"},"content":{"rendered":"\n<p>Die Neunburger Feuerwehr wurde im Juni 1863 auf Anregung des damaligen Bezirksamtsassessors Gehring gegr\u00fcndet. Die Gr\u00fcndungen von Freiwilligen Feuerwehren setzten in der Oberpfalz um 1858 (FFW Regensburg) ein. Entstanden aus ehemaligen Pflichtfeuerwehren, haben sich besonnene, mutige und uneigenn\u00fctzige M\u00e4nner aus Neunburg v. W. (Matthias Neckermann, Franz Spiegler, Franz Strohmayer, Paul Pletz, Xaver Reidl, Jakob S\u00e4mmer uva.) zusammengeschlossen, um den schicksalsergebenen Durcheinander &#8222;Alles rennet, rettet, fl\u00fcchtet &#8230;&#8220; Einhalt zu gebieten. Es wurde das &#8222;Feuerwehr-Commando&#8220; Neunburg v. W. gegr\u00fcndet.<\/p>\n\n\n\n<p>Sie wollten in disziplinierter Gemeinschaft allen Mitb\u00fcrgern helfen, denen der &#8222;Rote Hahn auf das Dach geflogen war&#8220;. Damit ist die FFW Neunburg v. W. die \u00e4lteste Feuerwehr im Landkreis Schwandorf und eine der \u00e4ltesten Feuerwehren im Bezirk der Oberpfalz. Die Stadtbr\u00e4nde waren damals eine gro\u00dfe Gefahr.<\/p>\n\n\n\n<p>Im Jahre 1876 brannten in Neunburg 58 Wohnh\u00e4user und Nebengeb\u00e4ude ab, die fast die gesamte Vorstadt ein\u00e4scherte. An der Bek\u00e4mpfung des Gro\u00dffeuers beteiligten sich neben der Neunburger Feuerwehr, die Feuerwehren aus Bodenw\u00f6hr, Dieterskirchen, Neukirchen-Balbini, Oberviechtach, Schwarzhofen, Seebarn, Unterauerbach und Winklarn. In der damaligen Zeit waren vor allen Dingen die gro\u00dfen Stadtbr\u00e4nde gef\u00fcrchtet, die den Bewohnern und Feuerwehrleuten alles abverlangten. Die gro\u00dfen Stadtbr\u00e4nde brachen in Neunburg am 14. Juli 1746, am 01. Juli 1800 (Verlust von 6 Menschenleben, darunter B\u00fcrgermeister Johann B. Sarg, sowie Verlust von 300 Wohnh\u00e4user und Nebengeb\u00e4ude), am 07. August 1876 und am 08. August 1949. In der Zeit um 1888 wurde in Neunburg der Bau einer Wasserversorgungsanlage begonnen, die sich beim Brand des Kommunbr\u00e4uhauses als sehr n\u00fctzlich erwiesen hatte. Bereits im Jahre 1889 konnte man das erste Jubil\u00e4um feiern.<\/p>\n\n\n\n<p>Als zweit-\u00e4ltester Neunburger Verein nach dem Gesangsverein besitzt die Neunburger Wehr vermutlich die \u00e4lteste Vereinsfahne. Am 13. Juni 1897 wurde eben diese erste Fahne der FFW Neunburg eingeweiht, die am 19. September 1998 in einem neurenovierten Zustand die kirchliche Weihe erhielt. Mit einem gro\u00dfen Fest, das sich vom 12.bis 14. Juni 1897 hinzog, feierten unter Teilnahme von 40 Feuerwehren und unter der musikalischen Leitung der Stamsrieder Musikkapelle, die Neunburger ein gro\u00dfartiges Fest. Die FFW Bodenw\u00f6hr stand Pate, als in einem Prolog Frl. Anna Baumg\u00e4rtner im Namen der Ehrenjungfrauen die neue Fahne der Neunburger Wehr \u00fcberreichte. Mit einem Eichenkranz schm\u00fcckte Frl. Kathi Daller die \u00fcberreichte Fahne. Als Patenverein wurde von der FFW Bodenw\u00f6hr ein Fahnenband an die neue Fahne geheftet. In der Pfarrkirche St. Georg erhielt die neue Fahne im Rahmen eines Festgottesdienstes durch Dekan und Stadtpfarrer Albert Weigl ihren Segen. Die Anschaffung der Fahne wurde mit einer Spendensammlung erm\u00f6glicht. Die Begr\u00fc\u00dfung der G\u00e4ste erfolgte durch den Bezirksfeuerwehrvertreter Franz Spiegler aus Neunburg v. W.. Bezirksamtmann Friedrich von Leistner zielte bei seiner Ansprache an die &#8222;Standespflichten&#8220; der Feuerwehrleute, wie Disziplin, Kameradschaft und Ehrenhaftigkeit. Mit einem Hoch auf den Protektor des bayerischen Feuerl\u00f6schwesens Prinzregent Luitpold, und der K\u00f6nigshymne endete der Festakt. Nach dem Mittagessen in den Neunburger Gasth\u00e4usern wurde in einem Festzug zum Schie\u00dfhaus gezogen und, schon wegen der hei\u00dfen Witterung, kr\u00e4ftig gefeiert. Am Montag zogen die Floriansj\u00fcnger mit den \u00f6rtlichen Vereinen und der Stamsrieder Blaskapelle bis zum letzten Platz gef\u00fcllten &#8222;Ganswirtskeller&#8220; und lie\u00dfen das Fest gen\u00fc\u00dflich ausklingen. Im Jahre 1913 wurde bereits das 50-j\u00e4hrige Gr\u00fcndungsjubil\u00e4um gefeiert.<\/p>\n\n\n\n<p>1927 wurde die mangelhafte Ausr\u00fcstung, bestehend aus einer alten Handspritze und sp\u00e4ter einer von einem Pferdegespann gezogenen Druckhandspritze, durch die Beschaffung einer Motorspritze aufgewertet. W\u00e4hrend des 2. Weltkrieges wurden die Freiwilligen Feuerwehren dem Deutschen Reich unterstellt und die Vereine aufgel\u00f6st. 1941 wurde die Ausr\u00fcstung mit einer Tragkraftspritze Typ METZ TS 3 (27 PS) erg\u00e4nzt. Nach den Wirren des 2. Weltkrieges ging man nun daran, eine neue freiwillige Feuerwehr in Neunburg aufzubauen. Als Unterkunft w\u00e4hlte sich die Wehr das Knabenschulhaus im Ortsteil &#8222;Im Berg&#8220;.<\/p>\n\n\n\n<p>Am 01.03.51 verungl\u00fcckte eine Gruppe der Neunburger Wehr bei einem Brandeinsatz so schwer mit ihrem LF 15, da\u00df dieses vollkommen unbrauchbar geworden war. Zehn Feuerwehrm\u00e4nner wurden verletzt, 4 davon schwer. Mit der Ersatzbeschaffung der neuen Motorspritze vom Typ LF8\/TS6 auf Ford &#8211; Fahrgestell (52 PS) im Jahr 1951 wurde das Feuerwehrhaus zu klein. Der Umbau und die Renovierungsarbeiten sind in erster Linie dem Stadtrat und Verwalter des Feuerl\u00f6schwesens Josef R\u00f6ckl (+ 1997), einem Freund und G\u00f6nner der Feuerwehr zu verdanken. Zum 90-j\u00e4hrigen Gr\u00fcndungsfest vom 18. bis 19. Juli 1953 konnte die FFW NEN 57 Vereine begr\u00fc\u00dfen. Die FFW Wackersdorf war Patenverein, und Landrat Stadlbauer der Festredner. Der Feldgottesdienst wurde von Stadtpfarrer Lukas zelebriert, die Festmutter war Frau B\u00fcrgermeister Ettl, die Fahnenbraut Frl. Anna Pollinger. In der Adventszeit 1955 wurde Theater gespielt; ein St\u00fcck mit dem Titel &#8222;D\u00b4Welt geht unter&#8220;. Die Vorstandswahlen 1962 sahen als 1. Kommandanten Karl-Heinz Helm und als 2. Kommandanten Christian Schmucker, sowie als 1. Vorstand Josef Maderer. Am 27. Feb. 1964 erhielt die FFW endlich ihr langersehntes Tankl\u00f6schfahrzeug TLF16\/Ziegler Marke MAN. Im Fasching 1966 wurde ein Faschingszug organisiert.<\/p>\n\n\n\n<p>Die Wehr erhielt am 10. Aug. 1967 einen fahrbaren Pulverl\u00f6scher P250 und einen \u00d6lschadenanh\u00e4nger der Marke Ziegler. In der Zeit vom 28.M\u00e4rz \u00b467 bis 02. M\u00e4rz 1968 mu\u00dfte die Wehr bei 26 Brandobjekten, (die meisten gelegt durch Brandstiftung) im Stadtgebiet zu L\u00f6scharbeiten ausr\u00fccken. Das neue und jetzige Feuerwehrhaus an der R\u00f6tzer Stra\u00dfe wurde am 10. Nov. 1968 durch B\u00fcrgermeister Dr. Altmann \u00fcbergeben (Kosten 270.000 DM). Die Neunburger Wehr wurde am 06. August 1970 mit einem L\u00f6schgruppenfahrzeug LF8 Ziegler\/Mercedes-Benz verst\u00e4rkt.<\/p>\n\n\n\n<p>Am 28. Feb. 1972 verstarb der langj\u00e4hrige Ehrenvorstand Josef Maderer (\u00fcber 40 Jahre Vorstand der FFW NEN). In diesem Jahr wurde auch die Jugendfeuerwehr Neunburg gegr\u00fcndet. 1976 feierten die Feuerwehren des Landkreises Schwandorf (150 Feuerwehren) ihren Florianstag in Neunburg. Den Ger\u00e4tewagen (Wert 85.000 DM) erhielt die Wehr am 23. April 1977. Am 10. Sept. 1978 wurde das 115-j\u00e4hrige Bestehen gefeiert. Zu diesem Anla\u00df wurde auch die Feuerwehrstandarte geweiht, die heute bei jedem Festzug und zu offiziellen Anl\u00e4ssen nicht fehlen darf. Am 20. Okt. 1984 konnte die Wehr ein neues TLF 16\/25 Ziegler\/MB \u00fcbernehmen. B\u00fcrgermeister Manlik \u00fcbergab die Schl\u00fcssel an 1. Kommandant Ernst Eckl und 1. Vorstand Georg K\u00e4sbauer. 1985 wurde das Feuerwehrhaus erweitert. Im selben Jahr fand ein weiterer Florianstag des Landkreises Schwandorf in Neunburg statt. Vom 17. bis 19. August 1986 war die Neunburger Wehr Patenverein der FFW Kr\u00f6blitz, die ihr 90-j\u00e4hriges Gr\u00fcndungsfest feierte. Im Jahr 1988 wurde vom 06.-07. August das 125-j\u00e4hrige Bestehen der FFW Neunburg gefeiert. Patenverein war die FFW Kr\u00f6blitz, Festmutter Anny Irl, Schirmherr Josef Manlik, Ehrenschirmherr Dietrich Grosser, der Festgottesdienst wurde durch Stadtpfarrer Hanauer zelebriert. Am Festzug beteiligten sich 127 Vereine und 9 Musikkapellen.<\/p>\n\n\n\n<p>Die Floriansj\u00fcnger erhielten am 02. April 1989 eine Drehleiter DLK 23\/12 Metz\/MB (Wert 670.000 DM) von der Stadt \u00fcberreicht. Mittlerweile hat Ferdinand Duscher als 1. Kommandant die F\u00fchrung \u00fcbernommen. Im Jahr 1991 wurden mit 201 Eins\u00e4tzen die meisten Alarmierungen der Vereinsgeschichte gefahren. Die Neunburger Wehr verf\u00fcgt \u00fcber einen Wasser-\/Schaumwerfer auf Anh\u00e4ngerfahrgestell, sowie ein Mehrzweckfahrzeug Typ VW. Die FFW NEN stellte beim Kreisverband der Feuerwehren SAD den Antrag, das Aufnahmealter der Jugendlichen von 14 auf 12 Jahre zu senken, um die Jugendarbeit intensivieren zu k\u00f6nnen. Diesem Antrag wurde mit Wirkung ab 01. Aug. 1998 stattgegeben und in das Bayerische Feuerwehrgesetz aufgenommen. Das j\u00fcngste Flaggschiff der Wehr, ein LF 16\/12 Ziegler\/MB, wurde der Wehr am 05. Nov. 1994 in Anwesenheit der Feuerwehrf\u00fchrungsspitze des Landkreises SAD \u00fcbergeben.<\/p>\n\n\n\n<p>Die FFW Neunburg erhielt am 12. April 1997 einen neuen Einsatzleitwagen ELW Typ BMW.Das Jahr 1996 und 1997 wurde von zwei Gro\u00dfbr\u00e4nden im Neunburger Industriegebiet \u00fcberschattet, welche die ganze Kraft der Feuerwehrleute, deren Ausbildung und Ausr\u00fcstung forderte. Hier kam die Wehr auch zu ihren ersten TV-Interviews. Das Jahr 1997 stand ganz im Zeichen des 25-j\u00e4hrigen Bestehens der Jugendfeuerwehr Neunburg mit zahlreichen Veranstaltungen wie Jugendfeuerwehrtag, Wettk\u00e4mpfen und weiteren Veranstaltungen.<\/p>\n\n\n\n<p>Der Umbau des Neunburger Feuerwehr-Ger\u00e4tehauses begann 1999 mit dem Abri\u00df des Schr\u00f6glhauses. Die Bauarbeiten begannen im Jahr 2000 und wurden unter Federf\u00fchrung ihres 1. Kommandanten Ferdinand Duscher mit gro\u00dfartiger Unterst\u00fctzung aller Neunburger Feuerwehrleute im Jahr 2003 vollendet. Zum 140\u2013j\u00e4hrigen Vereinsjubil\u00e4um wurde am 18. Oktober 2003 der Um- und Erweiterungsbau von Feuerwehrseelsorger Stadtpfarrer und Dekan Karl-Dieter Schmidt und den evangelischen Pfarrer eingeweiht. Ein neuer Einsatzleitwagen vom Typ BMW 318 touring wurde im Jahr 2009 von 1. B\u00fcrgermeister Wolfgang Bayerl an die Wehr \u00fcbergeben. Die Floriansj\u00fcnger freuten sich als 2011 das neue Mehrzweckfahrzeug MZF von Typ VW T5 &nbsp;f\u00fcr die Jugendarbeit, aber auch f\u00fcr Einsatzzwecke gesegnet wurde. Die Neunburger Feuerwehr hat seit Jahren eine gut funktionierende Seniorengruppe &nbsp;mit &nbsp;altgedienten aktiven Feuerwehrmitgliedern in ihren Reihen, gegr\u00fcndet durch Josef Meier und fortgef\u00fchrt durch Feuerwehrmitglied Gerhard Reiml. Unter gro\u00dfer Beteiligung &nbsp;von Feuerwehrleuten, aber auch bereits von Festdamen und Stadtrat bzw. 1. B\u00fcrgermeister &nbsp;wurde das, als \u201eGeburtstagsgeschenk\u201c bestellte Hilfeleistungsfahrzeug HLF 20\/16 von der Firma Rosenbauer, im Oktober 2012 mit einem kleinen Pyrotechnik-Feuerwerk in Empfang genommen. Ihr bisher gr\u00f6\u00dftes Fest, das 150-j\u00e4hriges Jubil\u00e4um, feierte die Neunburger Wehr vom 30 Mai bis 02. Juni 2013 mit dem Schirmherrn 1. B\u00fcrgermeister der Stadt Neunburg Martin Birner, Festmutter Thea Malterer, Ehrenfestmutter Anna Irl und Ehrenschirmherr Herbert Lober. Die staatliche Anzahl von 27 Festdamen erfreuten alle Besucher. Die Festkapelle war die Stadt-kapelle Neunburg v. W. unter der Leitung von Anton Lottner. Als Patenvereine konnten die FF R\u00f6tz aus dem Nachbarlandkreis Cham und die FF Wackersdorf gewonnen werden. Es wurde ein gro\u00dfes Fest gefeiert, dass 4 Tage dauerte. Im Rahmen des Kommersabends am 30. Mai ist der langj\u00e4hrige 1. Kommandant Ferdinand Duscher und heutige Kreisbrandmeister auf Grund seiner vielf\u00e4ltigen Verdienste zum Ehrenkommandant der Neunburger Feuerwehr ernannt worden. Ein besonderes Highlight war der Auftritt der Pressather Pfeierwehrkapell`n, gesponsert von Dekan KD Schmidt und Herbert Lober. Die Bev\u00f6lkerung hat die Neunburger Jubelwehr mit ihrem gro\u00dfartigen Besuch stark unterst\u00fctzt. Nach dem beeindruckenden Festgottesdienst unter der Leitung von Dekan Karl-Dieter Schmidt wurde das neue HLF 20\/16 und das vom Ehrenschirmherrn Herbert Lober restaurierte 1. Neunburger L\u00f6schfahrzeug LF15, welches 1951 in R\u00f6tz verungl\u00fcckte, feierlich gesegnet und der Neunburger Feuerwehr \u00fcbergeben. Der Festzug wurde wegen aufkommender Regengefahr stark verk\u00fcrzt. Das Wettergl\u00fcck hat die 142 Vereine und Feuerwehren, aber auch die 12 Musikkapellen gr\u00f6\u00dftenteils trocken in das Festzelt einr\u00fccken lassen. Auch die Partnerfeuerwehr aus Holysov\/Tschechien war stark vertreten und hat mit Ihrer Beteiligung das Fest versch\u00f6nert. Zur Feuerwehr Holysov bestehen seit 2010 hervorragend gepflegte Kontakte. Die 4 Festtage gehen als Regenfesttage in die Geschichtsb\u00fccher unserer Feuerwehr ein, der Erfolg war trotzdem ph\u00e4nomenal. Das Festzelt war an allen Tagen brechend voll. Der \u00fcberw\u00e4ltigende Besuch aller Gemeindefeuerwehren aus Neunburg und Umgebung sowie der Bev\u00f6lkerung, haben die Erdung der Neunburger Feuerwehr aufs Tiefste best\u00e4tigt. Festleiter war der 1. Vorstand Georg Schmid.<\/p>\n\n\n\n<p>Die Neunburger Feuerwehr verf\u00fcgt seit Jahren \u00fcber einen stetigen Aufw\u00e4rtstrend, 283 Mitgliedern, davon 69 Aktive, davon 7 Frauen, &nbsp;17 Jugendfeuerwehrleute, 65 Frauen und 132 Passive. Die Wehr f\u00e4hrt im Durchschnitt j\u00e4hrlich &nbsp;ca. 150 Eins\u00e4tze. Im Jahr 2015 waren es 157 Eins\u00e4tze, was einer geleisteten Anzahl von 2.337 Einsatzstunden entspricht.. Zahlreiche Veranstaltungen im Vereinsleben runden die Aktivit\u00e4ten der Vereinsmitglieder ab. Durch Florianstage, Wallfahrt zu Ehren des verstorbenen Ehrenschirmherrs und gro\u00dfen G\u00f6nners Herbert Lober nach Alt\u00f6tting zusammen mit den Oldtimerfahrzeugen, mit Vereinsausfl\u00fcgen, mit Jugendveranstaltungen aber auch mit Weinabenden oder Feuerwehr-Live-Veranstaltungen oder auch mit Beteiligungen bei anderen Vereinen und Feuerwehren zu deren Jubil\u00e4en, fallen viele Vereinstermine im Laufe eines &nbsp;Vereinsjahres an. &nbsp; &nbsp; Mit den Jahreshauptversammlungen, aber auch mit Kommersveranstaltungen ehrt die Wehr ihre Verstorbenen, die Jubilare, &nbsp;passive und aktive Kameradinnen und Kameraden und alle ihre Freunde und G\u00f6nner. Die Neunburger Feuerwehr ist seit dem Jahr 2014 eingetragener Verein e.V. Mit dem Spruch des ehemaligen KBR Anton Gietl wollen wir diese &nbsp;Kurzschilderung unseres geschichtlichen Werdeganges beenden: \u201eMan kann alles Ger\u00e4t kaufen, aber nicht einen freiwilligen Feuerwehrmann(-frau)\u201c.<\/p>\n\n\n\n<p>Die Neunburger Wehr verf\u00fcgt \u00fcber eine Einsatzst\u00e4rke von 9 L\u00f6schgruppen, 1 Gruppe Absturzsicherung, &nbsp; 2 Jugendgruppen, &nbsp;1 Notfallseelsorger (H.H. Pfarrer Stefan Wagner ), &nbsp;Ausbilder f\u00fcr Truppmann-Truppf\u00fchrer (MTA), 2 Ausbilder Absturzsicherung, 2 Jugendwarte, 3 unterst\u00fctzende Jugendwarte, 2 Atemschutzger\u00e4tewarte, 2 Funksachbearbeiter (Digitalfunk-Ausbilder), 7 Ger\u00e4tewarte, 1 Schlauchpflegestelle.&nbsp;<\/p>\n\n\n\n<p>Wir sind f\u00fcr alle neuen Mitglieder und vor allem f\u00fcr neue aktive Feuerwehrfrauen, Feuerwehrm\u00e4nner und angehende Jugendfeuerwehranw\u00e4rter dankbar &nbsp;und nehmen alle gerne in unsere Reihen auf. Eine Spezialgruppe sind die aktiven \u201epassiven\u201c Feuerwehrdamen, die die \u201eGeheimwaffe\u201c des Vorstands bilden. Viele gute Kontakte zu allen Rettungsorganisationen. Feuerwehrfreundliche Stadtr\u00e4tinnen und Stadtr\u00e4te und eine feuerwehrfreundliche Stadt und Stadtverwaltung mit ihrem 1. B\u00fcrgermeister Martin Birner. Ansprechpartner bei der Feuerwehr Neunburg sind der 1. Kommandant Bernhard K\u00e4sbauer und der 1. Vorstand, Georg Schmid.<\/p>\n\n\n\n<p>Die Mitglieder der zur Zeit gew\u00e4hlten Vorstandschaft sind:<\/p>\n\n\n\n<ul class=\"wp-block-list\"><li>1. Kommandant: Bernhard K\u00e4sbauer<\/li><li>2. Kommandant: Stangl Reinhold<\/li><li>1. Vorstand: Georg Schmid sen.<\/li><li>2. Vorstand: Thomas Zimmermann<\/li><li>Kassier: Nicole Eckl<\/li><li>Schriftf\u00fchrer: Thomas B\u00f6sl<\/li><li>Beisitzer: Thomas Weing\u00e4rtner, Stefan Beer, Otto Birner<\/li><li>Jugendwart: Toni Seidel<\/li><li>Stellv. Jugendwart: Josef Ettl<\/li><\/ul>\n","protected":false},"excerpt":{"rendered":"<p>Die Neunburger Feuerwehr wurde im Juni 1863 auf Anregung des damaligen Bezirksamtsassessors Gehring gegr\u00fcndet. Die Gr\u00fcndungen von Freiwilligen Feuerwehren setzten in der Oberpfalz um 1858 (FFW Regensburg) ein. Entstanden aus ehemaligen Pflichtfeuerwehren, haben sich besonnene, mutige und uneigenn\u00fctzige M\u00e4nner aus Neunburg v. W. (Matthias Neckermann, Franz Spiegler, Franz Strohmayer, Paul Pletz, Xaver Reidl, Jakob S\u00e4mmer <\/p>\n<p><a class=\"btn btn-secondary understrap-read-more-link\" href=\"https:\/\/feuerwehr-neunburg.de\/web\/geschichte\/\">Weiterlesen&#8230;<span class=\"screen-reader-text\"> from Geschichte<\/span><\/a><\/p>\n","protected":false},"author":1,"featured_media":0,"parent":0,"menu_order":0,"comment_status":"closed","ping_status":"closed","template":"","meta":{"footnotes":""},"class_list":["post-67","page","type-page","status-publish","hentry"],"_links":{"self":[{"href":"https:\/\/feuerwehr-neunburg.de\/web\/wp-json\/wp\/v2\/pages\/67","targetHints":{"allow":["GET"]}}],"collection":[{"href":"https:\/\/feuerwehr-neunburg.de\/web\/wp-json\/wp\/v2\/pages"}],"about":[{"href":"https:\/\/feuerwehr-neunburg.de\/web\/wp-json\/wp\/v2\/types\/page"}],"author":[{"embeddable":true,"href":"https:\/\/feuerwehr-neunburg.de\/web\/wp-json\/wp\/v2\/users\/1"}],"replies":[{"embeddable":true,"href":"https:\/\/feuerwehr-neunburg.de\/web\/wp-json\/wp\/v2\/comments?post=67"}],"version-history":[{"count":5,"href":"https:\/\/feuerwehr-neunburg.de\/web\/wp-json\/wp\/v2\/pages\/67\/revisions"}],"predecessor-version":[{"id":1301,"href":"https:\/\/feuerwehr-neunburg.de\/web\/wp-json\/wp\/v2\/pages\/67\/revisions\/1301"}],"wp:attachment":[{"href":"https:\/\/feuerwehr-neunburg.de\/web\/wp-json\/wp\/v2\/media?parent=67"}],"curies":[{"name":"wp","href":"https:\/\/api.w.org\/{rel}","templated":true}]}}