{"id":69,"date":"2019-01-20T15:58:51","date_gmt":"2019-01-20T14:58:51","guid":{"rendered":"http:\/\/feuerwehr-neunburg.de\/web\/?page_id=69"},"modified":"2024-12-19T18:45:59","modified_gmt":"2024-12-19T17:45:59","slug":"verein","status":"publish","type":"page","link":"https:\/\/feuerwehr-neunburg.de\/web\/verein\/","title":{"rendered":"Verein"},"content":{"rendered":"\n<h1 class=\"wp-block-heading\">Verein<\/h1>\n\n\n\n<div class=\"wp-block-media-text is-stacked-on-mobile\" style=\"grid-template-columns:40% auto\"><figure class=\"wp-block-media-text__media\"><img loading=\"lazy\" decoding=\"async\" width=\"1024\" height=\"768\" src=\"https:\/\/feuerwehr-neunburg.de\/web\/wp-content\/uploads\/2024\/02\/613741d1-7402-48d4-9fa3-834db2ba9ba0-1024x768.jpg\" alt=\"\" class=\"wp-image-5559 size-full\" srcset=\"https:\/\/feuerwehr-neunburg.de\/web\/wp-content\/uploads\/2024\/02\/613741d1-7402-48d4-9fa3-834db2ba9ba0-1024x768.jpg 1024w, https:\/\/feuerwehr-neunburg.de\/web\/wp-content\/uploads\/2024\/02\/613741d1-7402-48d4-9fa3-834db2ba9ba0-300x225.jpg 300w, https:\/\/feuerwehr-neunburg.de\/web\/wp-content\/uploads\/2024\/02\/613741d1-7402-48d4-9fa3-834db2ba9ba0-768x576.jpg 768w, https:\/\/feuerwehr-neunburg.de\/web\/wp-content\/uploads\/2024\/02\/613741d1-7402-48d4-9fa3-834db2ba9ba0-1536x1152.jpg 1536w, https:\/\/feuerwehr-neunburg.de\/web\/wp-content\/uploads\/2024\/02\/613741d1-7402-48d4-9fa3-834db2ba9ba0.jpg 1600w\" sizes=\"auto, (max-width: 1024px) 100vw, 1024px\" \/><\/figure><div class=\"wp-block-media-text__content\">\n<h2 class=\"wp-block-heading\" style=\"font-size:25px\">Erster Vorstand:<\/h2>\n\n\n\n<p>Thomas Zimmermann<\/p>\n<\/div><\/div>\n\n\n\n<hr class=\"wp-block-separator has-css-opacity\"\/>\n\n\n\n<div class=\"wp-block-media-text is-stacked-on-mobile\" style=\"grid-template-columns:40% auto\"><figure class=\"wp-block-media-text__media\"><img loading=\"lazy\" decoding=\"async\" width=\"1024\" height=\"768\" src=\"https:\/\/feuerwehr-neunburg.de\/web\/wp-content\/uploads\/2024\/02\/4d3fe57b-d705-4dd8-9a68-f6ae98462d31-1024x768.jpg\" alt=\"\" class=\"wp-image-5554 size-full\" srcset=\"https:\/\/feuerwehr-neunburg.de\/web\/wp-content\/uploads\/2024\/02\/4d3fe57b-d705-4dd8-9a68-f6ae98462d31-1024x768.jpg 1024w, https:\/\/feuerwehr-neunburg.de\/web\/wp-content\/uploads\/2024\/02\/4d3fe57b-d705-4dd8-9a68-f6ae98462d31-300x225.jpg 300w, https:\/\/feuerwehr-neunburg.de\/web\/wp-content\/uploads\/2024\/02\/4d3fe57b-d705-4dd8-9a68-f6ae98462d31-768x576.jpg 768w, https:\/\/feuerwehr-neunburg.de\/web\/wp-content\/uploads\/2024\/02\/4d3fe57b-d705-4dd8-9a68-f6ae98462d31-1536x1152.jpg 1536w, https:\/\/feuerwehr-neunburg.de\/web\/wp-content\/uploads\/2024\/02\/4d3fe57b-d705-4dd8-9a68-f6ae98462d31.jpg 1600w\" sizes=\"auto, (max-width: 1024px) 100vw, 1024px\" \/><\/figure><div class=\"wp-block-media-text__content\">\n<h2 class=\"wp-block-heading\" style=\"font-size:25px\">Zweiter Vorstand<\/h2>\n\n\n\n<p>Otto Birner<\/p>\n<\/div><\/div>\n\n\n\n<hr class=\"wp-block-separator has-css-opacity\"\/>\n\n\n\n<div class=\"wp-block-media-text is-stacked-on-mobile\" style=\"grid-template-columns:40% auto\"><figure class=\"wp-block-media-text__media\"><img loading=\"lazy\" decoding=\"async\" width=\"1024\" height=\"768\" src=\"https:\/\/feuerwehr-neunburg.de\/web\/wp-content\/uploads\/2024\/02\/6-1024x768.jpg\" alt=\"\" class=\"wp-image-5571 size-full\" srcset=\"https:\/\/feuerwehr-neunburg.de\/web\/wp-content\/uploads\/2024\/02\/6-1024x768.jpg 1024w, https:\/\/feuerwehr-neunburg.de\/web\/wp-content\/uploads\/2024\/02\/6-300x225.jpg 300w, https:\/\/feuerwehr-neunburg.de\/web\/wp-content\/uploads\/2024\/02\/6-768x576.jpg 768w, https:\/\/feuerwehr-neunburg.de\/web\/wp-content\/uploads\/2024\/02\/6-1536x1152.jpg 1536w, https:\/\/feuerwehr-neunburg.de\/web\/wp-content\/uploads\/2024\/02\/6.jpg 1600w\" sizes=\"auto, (max-width: 1024px) 100vw, 1024px\" \/><\/figure><div class=\"wp-block-media-text__content\">\n<h2 class=\"wp-block-heading\" style=\"font-size:25px\">Schriftf\u00fchrer<\/h2>\n\n\n\n<p>Thomas B\u00f6sl<\/p>\n<\/div><\/div>\n\n\n\n<hr class=\"wp-block-separator has-css-opacity\"\/>\n\n\n\n<div class=\"wp-block-media-text is-stacked-on-mobile\" style=\"grid-template-columns:40% auto\"><figure class=\"wp-block-media-text__media\"><img loading=\"lazy\" decoding=\"async\" width=\"1024\" height=\"768\" src=\"https:\/\/feuerwehr-neunburg.de\/web\/wp-content\/uploads\/2024\/02\/66eb5d69-6b4a-4457-823d-4bfbe68ac479-1024x768.jpg\" alt=\"\" class=\"wp-image-5558 size-full\" srcset=\"https:\/\/feuerwehr-neunburg.de\/web\/wp-content\/uploads\/2024\/02\/66eb5d69-6b4a-4457-823d-4bfbe68ac479-1024x768.jpg 1024w, https:\/\/feuerwehr-neunburg.de\/web\/wp-content\/uploads\/2024\/02\/66eb5d69-6b4a-4457-823d-4bfbe68ac479-300x225.jpg 300w, https:\/\/feuerwehr-neunburg.de\/web\/wp-content\/uploads\/2024\/02\/66eb5d69-6b4a-4457-823d-4bfbe68ac479-768x576.jpg 768w, https:\/\/feuerwehr-neunburg.de\/web\/wp-content\/uploads\/2024\/02\/66eb5d69-6b4a-4457-823d-4bfbe68ac479-1536x1152.jpg 1536w, https:\/\/feuerwehr-neunburg.de\/web\/wp-content\/uploads\/2024\/02\/66eb5d69-6b4a-4457-823d-4bfbe68ac479.jpg 1600w\" sizes=\"auto, (max-width: 1024px) 100vw, 1024px\" \/><\/figure><div class=\"wp-block-media-text__content\">\n<h2 class=\"wp-block-heading\" style=\"font-size:25px\">Kassier<\/h2>\n\n\n\n<p>Daniel Bittner<\/p>\n<\/div><\/div>\n\n\n\n<hr class=\"wp-block-separator has-css-opacity\"\/>\n\n\n\n<div class=\"wp-block-media-text is-stacked-on-mobile\" style=\"grid-template-columns:40% auto\"><figure class=\"wp-block-media-text__media\"><img loading=\"lazy\" decoding=\"async\" width=\"1024\" height=\"768\" src=\"https:\/\/feuerwehr-neunburg.de\/web\/wp-content\/uploads\/2024\/02\/e9c142cd-0f4e-4920-bfd2-400252022380-1-1024x768.jpg\" alt=\"\" class=\"wp-image-5567 size-full\" srcset=\"https:\/\/feuerwehr-neunburg.de\/web\/wp-content\/uploads\/2024\/02\/e9c142cd-0f4e-4920-bfd2-400252022380-1-1024x768.jpg 1024w, https:\/\/feuerwehr-neunburg.de\/web\/wp-content\/uploads\/2024\/02\/e9c142cd-0f4e-4920-bfd2-400252022380-1-300x225.jpg 300w, https:\/\/feuerwehr-neunburg.de\/web\/wp-content\/uploads\/2024\/02\/e9c142cd-0f4e-4920-bfd2-400252022380-1-768x576.jpg 768w, https:\/\/feuerwehr-neunburg.de\/web\/wp-content\/uploads\/2024\/02\/e9c142cd-0f4e-4920-bfd2-400252022380-1-1536x1152.jpg 1536w, https:\/\/feuerwehr-neunburg.de\/web\/wp-content\/uploads\/2024\/02\/e9c142cd-0f4e-4920-bfd2-400252022380-1.jpg 1600w\" sizes=\"auto, (max-width: 1024px) 100vw, 1024px\" \/><\/figure><div class=\"wp-block-media-text__content\">\n<h2 class=\"wp-block-heading\" style=\"font-size:25px\">Beisitzer<\/h2>\n\n\n\n<p>Eveline Stangl<\/p>\n<\/div><\/div>\n\n\n\n<div style=\"height:24px\" aria-hidden=\"true\" class=\"wp-block-spacer\"><\/div>\n\n\n\n<div class=\"wp-block-media-text is-stacked-on-mobile\" style=\"grid-template-columns:40% auto\"><figure class=\"wp-block-media-text__media\"><img loading=\"lazy\" decoding=\"async\" width=\"1024\" height=\"768\" src=\"https:\/\/feuerwehr-neunburg.de\/web\/wp-content\/uploads\/2024\/02\/12-1024x768.jpg\" alt=\"\" class=\"wp-image-5572 size-full\" srcset=\"https:\/\/feuerwehr-neunburg.de\/web\/wp-content\/uploads\/2024\/02\/12-1024x768.jpg 1024w, https:\/\/feuerwehr-neunburg.de\/web\/wp-content\/uploads\/2024\/02\/12-300x225.jpg 300w, https:\/\/feuerwehr-neunburg.de\/web\/wp-content\/uploads\/2024\/02\/12-768x576.jpg 768w, https:\/\/feuerwehr-neunburg.de\/web\/wp-content\/uploads\/2024\/02\/12-1536x1152.jpg 1536w, https:\/\/feuerwehr-neunburg.de\/web\/wp-content\/uploads\/2024\/02\/12.jpg 1600w\" sizes=\"auto, (max-width: 1024px) 100vw, 1024px\" \/><\/figure><div class=\"wp-block-media-text__content\">\n<h2 class=\"wp-block-heading\" style=\"font-size:25px\">Beisitzer<\/h2>\n\n\n\n<p>Thomas Weing\u00e4rtner<\/p>\n<\/div><\/div>\n\n\n\n<div style=\"height:24px\" aria-hidden=\"true\" class=\"wp-block-spacer\"><\/div>\n\n\n\n<div class=\"wp-block-media-text is-stacked-on-mobile\" style=\"grid-template-columns:40% auto\"><figure class=\"wp-block-media-text__media\"><img loading=\"lazy\" decoding=\"async\" width=\"1024\" height=\"768\" src=\"https:\/\/feuerwehr-neunburg.de\/web\/wp-content\/uploads\/2024\/02\/44-1024x768.jpg\" alt=\"\" class=\"wp-image-5573 size-full\" srcset=\"https:\/\/feuerwehr-neunburg.de\/web\/wp-content\/uploads\/2024\/02\/44-1024x768.jpg 1024w, https:\/\/feuerwehr-neunburg.de\/web\/wp-content\/uploads\/2024\/02\/44-300x225.jpg 300w, https:\/\/feuerwehr-neunburg.de\/web\/wp-content\/uploads\/2024\/02\/44-768x576.jpg 768w, https:\/\/feuerwehr-neunburg.de\/web\/wp-content\/uploads\/2024\/02\/44-1536x1152.jpg 1536w, https:\/\/feuerwehr-neunburg.de\/web\/wp-content\/uploads\/2024\/02\/44.jpg 1600w\" sizes=\"auto, (max-width: 1024px) 100vw, 1024px\" \/><\/figure><div class=\"wp-block-media-text__content\">\n<h2 class=\"wp-block-heading\" style=\"font-size:25px\">Beisitzer<\/h2>\n\n\n\n<p>Lukas Kaiser<\/p>\n<\/div><\/div>\n","protected":false},"excerpt":{"rendered":"<p>Verein Erster Vorstand: Thomas Zimmermann Zweiter Vorstand Otto Birner Schriftf\u00fchrer Thomas B\u00f6sl Kassier Daniel Bittner Beisitzer Eveline Stangl Beisitzer Thomas Weing\u00e4rtner Beisitzer Lukas Kaiser <\/p>\n<p><a class=\"btn btn-secondary understrap-read-more-link\" href=\"https:\/\/feuerwehr-neunburg.de\/web\/verein\/\">Weiterlesen&#8230;<span class=\"screen-reader-text\"> from Verein<\/span><\/a><\/p>\n","protected":false},"author":1,"featured_media":0,"parent":0,"menu_order":0,"comment_status":"closed","ping_status":"closed","template":"","meta":{"footnotes":""},"class_list":["post-69","page","type-page","status-publish","hentry"],"_links":{"self":[{"href":"https:\/\/feuerwehr-neunburg.de\/web\/wp-json\/wp\/v2\/pages\/69","targetHints":{"allow":["GET"]}}],"collection":[{"href":"https:\/\/feuerwehr-neunburg.de\/web\/wp-json\/wp\/v2\/pages"}],"about":[{"href":"https:\/\/feuerwehr-neunburg.de\/web\/wp-json\/wp\/v2\/types\/page"}],"author":[{"embeddable":true,"href":"https:\/\/feuerwehr-neunburg.de\/web\/wp-json\/wp\/v2\/users\/1"}],"replies":[{"embeddable":true,"href":"https:\/\/feuerwehr-neunburg.de\/web\/wp-json\/wp\/v2\/comments?post=69"}],"version-history":[{"count":22,"href":"https:\/\/feuerwehr-neunburg.de\/web\/wp-json\/wp\/v2\/pages\/69\/revisions"}],"predecessor-version":[{"id":5933,"href":"https:\/\/feuerwehr-neunburg.de\/web\/wp-json\/wp\/v2\/pages\/69\/revisions\/5933"}],"wp:attachment":[{"href":"https:\/\/feuerwehr-neunburg.de\/web\/wp-json\/wp\/v2\/media?parent=69"}],"curies":[{"name":"wp","href":"https:\/\/api.w.org\/{rel}","templated":true}]}}