{"id":86,"date":"2019-01-23T20:51:13","date_gmt":"2019-01-23T19:51:13","guid":{"rendered":"http:\/\/feuerwehr-neunburg.de\/web\/?page_id=86"},"modified":"2024-12-19T17:09:20","modified_gmt":"2024-12-19T16:09:20","slug":"aktive","status":"publish","type":"page","link":"https:\/\/feuerwehr-neunburg.de\/web\/aktive\/","title":{"rendered":"Aktive"},"content":{"rendered":"\n<h1 class=\"wp-block-heading\">Hilfsorganisation<\/h1>\n\n\n\n<div class=\"wp-block-media-text is-stacked-on-mobile\" style=\"grid-template-columns:40% auto\"><figure class=\"wp-block-media-text__media\"><a href=\"https:\/\/feuerwehr-neunburg.de\/web\/wp-content\/uploads\/2024\/02\/65a9b3ca-baa7-4535-a54c-dd144be9310c.jpg\"><img loading=\"lazy\" decoding=\"async\" width=\"1024\" height=\"768\" src=\"https:\/\/feuerwehr-neunburg.de\/web\/wp-content\/uploads\/2024\/02\/65a9b3ca-baa7-4535-a54c-dd144be9310c-1024x768.jpg\" alt=\"\" class=\"wp-image-5557 size-full\" srcset=\"https:\/\/feuerwehr-neunburg.de\/web\/wp-content\/uploads\/2024\/02\/65a9b3ca-baa7-4535-a54c-dd144be9310c-1024x768.jpg 1024w, https:\/\/feuerwehr-neunburg.de\/web\/wp-content\/uploads\/2024\/02\/65a9b3ca-baa7-4535-a54c-dd144be9310c-300x225.jpg 300w, https:\/\/feuerwehr-neunburg.de\/web\/wp-content\/uploads\/2024\/02\/65a9b3ca-baa7-4535-a54c-dd144be9310c-768x576.jpg 768w, https:\/\/feuerwehr-neunburg.de\/web\/wp-content\/uploads\/2024\/02\/65a9b3ca-baa7-4535-a54c-dd144be9310c-1536x1152.jpg 1536w, https:\/\/feuerwehr-neunburg.de\/web\/wp-content\/uploads\/2024\/02\/65a9b3ca-baa7-4535-a54c-dd144be9310c.jpg 1600w\" sizes=\"auto, (max-width: 1024px) 100vw, 1024px\" \/><\/a><\/figure><div class=\"wp-block-media-text__content\">\n<h2 class=\"wp-block-heading\" style=\"font-size:25px\">Erster Kommandant<\/h2>\n\n\n\n<p>Stefan Beer<\/p>\n<\/div><\/div>\n\n\n\n<hr class=\"wp-block-separator has-css-opacity\"\/>\n\n\n\n<div class=\"wp-block-media-text is-stacked-on-mobile\" style=\"grid-template-columns:40% auto\"><figure class=\"wp-block-media-text__media\"><img loading=\"lazy\" decoding=\"async\" width=\"1024\" height=\"768\" src=\"https:\/\/feuerwehr-neunburg.de\/web\/wp-content\/uploads\/2024\/02\/8c39317c-1bd0-45ae-9b8c-bfb671588a5e-1024x768.jpg\" alt=\"\" class=\"wp-image-5556 size-full\" srcset=\"https:\/\/feuerwehr-neunburg.de\/web\/wp-content\/uploads\/2024\/02\/8c39317c-1bd0-45ae-9b8c-bfb671588a5e-1024x768.jpg 1024w, https:\/\/feuerwehr-neunburg.de\/web\/wp-content\/uploads\/2024\/02\/8c39317c-1bd0-45ae-9b8c-bfb671588a5e-300x225.jpg 300w, https:\/\/feuerwehr-neunburg.de\/web\/wp-content\/uploads\/2024\/02\/8c39317c-1bd0-45ae-9b8c-bfb671588a5e-768x576.jpg 768w, https:\/\/feuerwehr-neunburg.de\/web\/wp-content\/uploads\/2024\/02\/8c39317c-1bd0-45ae-9b8c-bfb671588a5e-1536x1152.jpg 1536w, https:\/\/feuerwehr-neunburg.de\/web\/wp-content\/uploads\/2024\/02\/8c39317c-1bd0-45ae-9b8c-bfb671588a5e.jpg 1600w\" sizes=\"auto, (max-width: 1024px) 100vw, 1024px\" \/><\/figure><div class=\"wp-block-media-text__content\">\n<h2 class=\"wp-block-heading\" style=\"font-size:25px\">Zweiter Kommandant<\/h2>\n\n\n\n<p>Georg Schmid<\/p>\n<\/div><\/div>\n\n\n\n<hr class=\"wp-block-separator has-css-opacity\"\/>\n\n\n\n<h2 class=\"wp-block-heading\">Zugf\u00fchrer<\/h2>\n\n\n\n<ul class=\"wp-block-list\">\n<li>Martin S\u00fc\u00df<\/li>\n\n\n\n<li>Thomas Weing\u00e4rtner<\/li>\n<\/ul>\n\n\n\n<hr class=\"wp-block-separator has-css-opacity\"\/>\n\n\n\n<h2 class=\"wp-block-heading\">Gruppenf\u00fchrer<\/h2>\n\n\n\n<ul class=\"wp-block-list\">\n<li>Anton Bauer<\/li>\n\n\n\n<li>Tobias Beer<\/li>\n\n\n\n<li>Josef Ettl<\/li>\n\n\n\n<li>Otto Birner<\/li>\n\n\n\n<li>Florian Binder<\/li>\n\n\n\n<li>Stefan Troidl<\/li>\n\n\n\n<li>Bernhard K\u00e4sbauer<\/li>\n<\/ul>\n\n\n\n<hr class=\"wp-block-separator has-css-opacity\"\/>\n\n\n\n<h2 class=\"wp-block-heading\">Ger\u00e4tewarte<\/h2>\n\n\n\n<ul class=\"wp-block-list\">\n<li>Florian Binder<\/li>\n\n\n\n<li>Stefan Troidl<\/li>\n\n\n\n<li>Ernst Eckl<\/li>\n\n\n\n<li>Florian Guha<\/li>\n\n\n\n<li>Michael Kienzl<\/li>\n\n\n\n<li>Thomas Weing\u00e4rtner<\/li>\n\n\n\n<li>Stephan Meier<\/li>\n\n\n\n<li>Bernhard Arnold<\/li>\n<\/ul>\n\n\n\n<p><\/p>\n","protected":false},"excerpt":{"rendered":"<p>Hilfsorganisation Erster Kommandant Stefan Beer Zweiter Kommandant Georg Schmid Zugf\u00fchrer Gruppenf\u00fchrer Ger\u00e4tewarte <\/p>\n<p><a class=\"btn btn-secondary understrap-read-more-link\" href=\"https:\/\/feuerwehr-neunburg.de\/web\/aktive\/\">Weiterlesen&#8230;<span class=\"screen-reader-text\"> from Aktive<\/span><\/a><\/p>\n","protected":false},"author":1,"featured_media":0,"parent":0,"menu_order":0,"comment_status":"closed","ping_status":"closed","template":"","meta":{"footnotes":""},"class_list":["post-86","page","type-page","status-publish","hentry"],"_links":{"self":[{"href":"https:\/\/feuerwehr-neunburg.de\/web\/wp-json\/wp\/v2\/pages\/86","targetHints":{"allow":["GET"]}}],"collection":[{"href":"https:\/\/feuerwehr-neunburg.de\/web\/wp-json\/wp\/v2\/pages"}],"about":[{"href":"https:\/\/feuerwehr-neunburg.de\/web\/wp-json\/wp\/v2\/types\/page"}],"author":[{"embeddable":true,"href":"https:\/\/feuerwehr-neunburg.de\/web\/wp-json\/wp\/v2\/users\/1"}],"replies":[{"embeddable":true,"href":"https:\/\/feuerwehr-neunburg.de\/web\/wp-json\/wp\/v2\/comments?post=86"}],"version-history":[{"count":38,"href":"https:\/\/feuerwehr-neunburg.de\/web\/wp-json\/wp\/v2\/pages\/86\/revisions"}],"predecessor-version":[{"id":5928,"href":"https:\/\/feuerwehr-neunburg.de\/web\/wp-json\/wp\/v2\/pages\/86\/revisions\/5928"}],"wp:attachment":[{"href":"https:\/\/feuerwehr-neunburg.de\/web\/wp-json\/wp\/v2\/media?parent=86"}],"curies":[{"name":"wp","href":"https:\/\/api.w.org\/{rel}","templated":true}]}}